{"id":5,"date":"2010-08-24T14:46:01","date_gmt":"2010-08-24T14:46:01","guid":{"rendered":"http:\/\/dipse.ro\/constantin\/?page_id=5"},"modified":"2018-03-22T18:11:04","modified_gmt":"2018-03-22T15:11:04","slug":"biografie","status":"publish","type":"page","link":"https:\/\/dipse.ro\/constantin\/biografie\/","title":{"rendered":"Biografie"},"content":{"rendered":"<p><img decoding=\"async\" src=\"http:\/\/www.dipse.ro\/ionut\/foto\/Constantin Dipse.jpg\" \/><\/p>\n<p>1917 &#8211; 2010<\/p>\n<p><strong>S-a n\u0103scut \u00een <a href=\"http:\/\/ro.wikipedia.org\/wiki\/\u0218urde\u0219ti,_Maramure\u0219\">\u015eurde\u015fti<\/a>, jud. Maramure\u015f, la 4 octombrie 1917 \u0219i s-a stins la 26 noiembrie 2010, la Bucure\u0219ti.<br \/>\n<\/strong><\/p>\n<p><em>Ordinul \u201eMeritul Cultural Cl. V\u201d | Medalia \u201eMeritul Cultural Cl. I\u201d<\/em><\/p>\n<p><strong>Forma\u0163ia ca artist &#8211; pictor:<\/strong><\/p>\n<p>\u2022 <strong>1948<\/strong> &#8211; doctorat \u00een Arte Frumoase la Prof. Camil RESSU<br \/>\n\u2022 <strong>1945<\/strong> &#8211; licen\u0163iat al Academiei de Arte Frumoase din Bucure\u015fti, elev al mae\u015ftrilor Nicolae D\u0103r\u0103scu \u015fi Camil Ressu<br \/>\n\u2022 <strong>1940<\/strong> &#8211; absolvent al \u015ecolii Liberale de Arte Frumoase din Baia Mare, clasa prof. Gh. Manu<br \/>\n\u2022 <strong>1937<\/strong> &#8211; absolvent al Liceului Gh. \u015eincai din Baia Mare<\/p>\n<p><strong>Activitate socio-profesional\u0103:<\/strong><\/p>\n<p>\u2022 <strong>1978 &#8211; 1981<\/strong> &#8211; membru \u00een Comitetul UAP &#8211; sec\u0163ia pictur\u0103<br \/>\n\u2022 <strong>1970 &#8211; 1974<\/strong> &#8211; membru \u00een Comisia de repartizare a lucr\u0103rilor \u00een cadrul Fondului Plastic<br \/>\n\u2022 <strong>1965 &#8211; 1969<\/strong> &#8211; membru \u00een Comisia de evaluare a Fondului Plastic<br \/>\n\u2022 <strong>1945 &#8211; prezent<\/strong> &#8211; membru al Sindicatului Artelor Frumoase<br \/>\n\u2022 <strong>1946 &#8211; 1948<\/strong> &#8211; secretar al UNSR (Un. Na\u0163. a Stud. din Rom\u00e2nia \u2013 Acad. de Arte Frumoase \u015fi Conservatorul de Muzic\u0103)<\/p>\n<p><strong>Activitatea de crea\u0163ie:<\/strong><\/p>\n<p>\u2022 <strong>1945<\/strong> &#8211; prima participare la Salonul Oficial de prim\u0103var\u0103, de pictur\u0103 \u015fi sculptur\u0103 cu o compozi\u0163ie<br \/>\n\u2022 <strong>1951 (1 ianuarie)<\/strong> &#8211; membru definitiv al Uniunii Arti\u015ftilor Plastici<\/p>\n<p><strong>PARTICIP\u0102RI LA:<\/strong><\/p>\n<p>\u2022 toate manifest\u0103rile organizate de c\u0103tre Consiliul Culturii, de Comitetul de cultur\u0103 al municipiului Bucure\u015fti \u015fi al Uniunii arti\u015ftilor Plastici din Bucure\u015fti;<br \/>\n\u2022 diverse manifest\u0103ri organizate de: Muzeul Republicii, Muzeul Simu, Muzeul Bruckental din Sibiu, Muzeul Cri\u015furilor din Oradea, Muzeul de Art\u0103 din Arad, Muzeul de Art\u0103 din Constan\u0163a, Muzeul Maramure\u015fului din Baia Mare, Muzeul de art\u0103 din Suceava \u015fi din Boto\u015fani;<br \/>\n\u2022 manifest\u0103ri organizate de Comitetele de Cultur\u0103 din jude\u0163ele: Tulcea, Maramure\u015f, Bihor, D\u00e2mbovi\u0163a, Hunedoara, Cara\u015f-Severin etc.;<br \/>\n\u2022 expozi\u0163ii peste hotare organizate de Comitetul de Cultur\u0103 (\u015fi Educa\u0163ie Socialist\u0103) sau UAP \u00een : India, Japonia, Pakistan, Israel, Grecia, Italia, Fran\u0163a, Germania, Austria, Polonia, Finlanda, Cehoslovacia, URSS, Ungaria.<\/p>\n<p><strong>EXPOZI\u0162II COLECTIVE<\/strong><\/p>\n<p><strong>1975<\/strong> Expozi\u0163ie de stat, Bucure\u015fti \u25cf Expozi\u0163ie de grup,Grecia \u25cf Expozi\u0163ie \u00een cinstea femeii, Galeria Nou\u0103 Bucure\u015fti \u25cf Expozi\u0163ie \u00een cinstea femeii, Galeria Mun. Bucure\u015fti \u25cf Expozi\u0163ia: \u201eDesene din documentare\u201d &#8211; Galeria Galateea \u25cf Expozi\u0163ie, Tulcea \u25cf Expozi\u0163ie la Ministerul de Externe<\/p>\n<p><strong>1976<\/strong> \u201eMagistralele socialismului\u201d, Ateneu \u25cf Bienala, Dalles \u25cf Expozi\u0163ie de grup, Berlin \u25cf \u201eOmul \u015fi natura\u201d, Galeria Nou\u0103 \u25cf \u201ePeisajul rom\u00e2nesc\u201d &#8211; Simeza \u25cf \u201eGrivi\u0163a ro\u015fie\u201d \u25cf Expozi\u0163ie de grup &#8211; Viena \u25cf Expozi\u0163ia municipal\u0103 &#8211; Dalles<\/p>\n<p><strong>1977<\/strong> \u201eT\u0103r\u0103nimea, puternic\u0103 for\u0163\u0103 social\u0103 \u015fi revolu\u0163ionar\u0103\u201d &#8211; Dalles \u25cf \u201eAniversarea independen\u0163ei 1877\u201d, Dalles \u25cf \u201eC\u00e2ntarea Rom\u00e2niei\u201d &#8211; Muzeul RSR \u25cf Expozi\u0163ie de grup &#8211; Moscova \u25cf \u201ePeisajul patriei\u201d &#8211; expozi\u0163ie itinerant\u0103 \u25cf Expozi\u0163ie de grup &#8211; Finlanda \u25cf Expozi\u0163ie de grup la Uzinele Republica \u25cf Expozi\u0163ie municipal\u0103 \u25cf \u201ePeisajul rural \u00een pictura rom\u00e2neasc\u0103\u201d &#8211; Muzeul \u0162\u0103rii Cri\u015furilor, Oradea \u25cf Expozi\u0163ie de grup dup\u0103 documentare &#8211; T\u00e2rgovi\u015fte<\/p>\n<p><strong>EXPOZI\u0162II PERSONALE<\/strong><\/p>\n<p>\u2022 <strong>2009<\/strong> \u2013 Muzeul Satului &#8211; Bucure\u015fti<br \/>\n\u2022 <strong>2002<\/strong> &#8211; Galeria Simeza \u2013 Bucure\u015fti<br \/>\n\u2022 <strong>1995 august<\/strong> &#8211; Galeria Simeza &#8211; Bucure\u015fti<br \/>\n\u2022 <strong>1995 februarie<\/strong> &#8211; Banca Rom\u00e2n\u0103 de Comer\u0163 Exterior, World Trade Plazza \u2013 Bucure\u015fti<br \/>\n\u2022 <strong>1981<\/strong> &#8211; Galeria Simeza \u2013 Bucure\u015fti<br \/>\n\u2022 <strong>1975<\/strong> &#8211; Galeria Simeza \u2013 Bucure\u015fti<br \/>\n\u2022 <strong>1966<\/strong> &#8211; Galeria Simeza \u2013 Bucure\u015fti<br \/>\n\u2022 <strong>1966<\/strong> &#8211; Sala de expozi\u0163ii Oradea<br \/>\n\u2022 <strong>1966<\/strong> &#8211; Sala Muzeului regional Suceava<br \/>\n\u2022 <strong>1962<\/strong> &#8211; Galeria \u201eNiculae Cristea\u201d de la ziarul Universul, Bucure\u015fti<br \/>\n\u2022 <strong>1959<\/strong> &#8211; Galeria \u201eNiculae Cristea\u201d de la ziarul Universul, Bucure\u015fti<br \/>\n\u2022 <strong>1956<\/strong> &#8211; Galeria \u201eNiculae Cristea\u201d de la ziarul Universul, Bucure\u015fti<\/p>\n<p><strong>LUCR\u0102RI DE ART\u0102 MONUMENTAL\u0102 <\/strong><\/p>\n<p><em><strong>Fresc\u0103<\/strong><\/em><br \/>\n\u2022 fresca din interiorul bisericii greco-catolice Acvila, din Bucure\u015fti (1941-1942), sub \u00eendrumarea maestrului Traian Bil\u0163iu D\u0103ncu\u015f;<br \/>\n\u2022 2 panouri la \u00eentreprinderea Fruct-export din Bucure\u015fti;<br \/>\n\u2022 la crama \u00centreprinderii de vinificare Murfatlar (colaborare la proiect \u015fi la transpunere).<\/p>\n<p><em><strong>Pictur\u0103 bisericeasc\u0103<\/strong><\/em><br \/>\n\u2022 1952-1953, pictur\u0103 pentru bisericile din Podoleni, Costi\u015fa de Sus, Costi\u015fa de jos din jud. Neam\u0163 (\u00een colaborare);<br \/>\n\u2022 1962 pictur\u0103 la biseric\u0103 \u015fi pictur\u0103 iconostas din: com Poenile de Jos \u2013 jud. Ilfov;<br \/>\n\u2022 1968-1969, biserica din com Ardusat, jud. Maramure\u015f (\u00een colaborare).<\/p>\n<p><em><strong>Tehnic\u0103 mozaic-ceramic\u0103<\/strong><\/em><br \/>\n\u2022 4 panouri \u00een mozaic la hotelul Tomis din Mamaia (60 mp) \u00een colaborare;<br \/>\n\u2022 transpunerea mozaicului de pe fa\u0163ada fabricii de mobil\u0103 din Drobeta-Turnu Severin (200 mp) &#8211; \u00een colaborare;<br \/>\n\u2022 mozaic demontabil (90 mp) reprezent\u00e2nd delta Dun\u0103rii, la unul din T\u00e2rgurile interna\u0163ionale Bucure\u015fti;<br \/>\n\u2022 mozaic ceramic (18 mp) la hotelul Partidului din Bra\u015fov (proiect \u015fi realizare)<br \/>\n\u2022 mozaic (42 mp) \u201eArca\u015fii lui Stefan Cel Mare\u201d pe fa\u0163ada c\u0103minului Cultural din Putna (proiect propriu \u015fi realizare)<br \/>\n\u2022 mozaic pe fa\u0163ada C\u0103minului cultural din com. Le\u015f, jud. Bihor (proiect propriu; realizare \u00een colaborare)<\/p>\n<p><em><strong>Restaur\u0103ri \u00een colaborare<\/strong><\/em><br \/>\n\u2022 Casa memorial\u0103 Dr Gh. Marinescu<br \/>\n\u2022 Decora\u0163ii de la Casa oamenilor de \u015etiin\u0163\u0103 \u2013 Bucure\u015fti<br \/>\n\u2022 Fresca de la \u00eentreprinderea Ma\u015fini import-export Bucure\u015fti<br \/>\n\u2022 Frescele, tavanul teatrului Gheorghe Pastia din Foc\u015fani \u015fi tavanul foaierului.<\/p>\n<p><strong>C\u0102R\u0162I \u015eI ALBUME <\/strong><\/p>\n<p>\u2022 25 de pictori contemporani<br \/>\n\u2022 Via\u0163\u0103 \u015fi transfigurare (50 de pictori \u015fi sculptori)<br \/>\n\u2022 50 de pictori \u00een 50 de ani (1921 &#8211; 1971)<br \/>\n\u2022 Peisajul patriei<br \/>\n\u2022 Omagiu \u0163\u0103r\u0103nimii<br \/>\n\u2022 Pictura rom\u00e2neasc\u0103 \u00een imagini<br \/>\n\u2022 Pictura Rom\u00e2neasc\u0103, ed. II<br \/>\n\u2022 Dic\u0163ionarul Artelor plastice, autor criticul Octavian Barbosa<br \/>\n\u2022 Antologia de poezie popular\u0103 \u201eNunta la rom\u00e2ni\u201d, selec\u0163ie de I. Moan\u0163\u0103, Editura Meridiane<br \/>\n\u2022 \u201eStejerel voinicel\u201d &#8211; carte pentru copii<\/p>\n<p><img decoding=\"async\" src=\"http:\/\/www.dipse.ro\/constantin\/foto\/autoportret.jpg\" \/><\/p>\n","protected":false},"excerpt":{"rendered":"<p>1917 &#8211; 2010 S-a n\u0103scut \u00een \u015eurde\u015fti, jud. Maramure\u015f, la 4 octombrie 1917 \u0219i s-a stins la 26 noiembrie 2010, la Bucure\u0219ti. Ordinul \u201eMeritul Cultural Cl. V\u201d | Medalia \u201eMeritul Cultural Cl. I\u201d Forma\u0163ia ca artist &#8211; pictor: \u2022 1948 &#8211; doctorat \u00een Arte Frumoase la Prof. Camil RESSU \u2022 1945 &#8211; licen\u0163iat al Academiei [&hellip;]<\/p>\n","protected":false},"author":1,"featured_media":0,"parent":0,"menu_order":0,"comment_status":"open","ping_status":"open","template":"","meta":{"footnotes":""},"class_list":["post-5","page","type-page","status-publish","hentry"],"_links":{"self":[{"href":"https:\/\/dipse.ro\/constantin\/wp-json\/wp\/v2\/pages\/5","targetHints":{"allow":["GET"]}}],"collection":[{"href":"https:\/\/dipse.ro\/constantin\/wp-json\/wp\/v2\/pages"}],"about":[{"href":"https:\/\/dipse.ro\/constantin\/wp-json\/wp\/v2\/types\/page"}],"author":[{"embeddable":true,"href":"https:\/\/dipse.ro\/constantin\/wp-json\/wp\/v2\/users\/1"}],"replies":[{"embeddable":true,"href":"https:\/\/dipse.ro\/constantin\/wp-json\/wp\/v2\/comments?post=5"}],"version-history":[{"count":0,"href":"https:\/\/dipse.ro\/constantin\/wp-json\/wp\/v2\/pages\/5\/revisions"}],"wp:attachment":[{"href":"https:\/\/dipse.ro\/constantin\/wp-json\/wp\/v2\/media?parent=5"}],"curies":[{"name":"wp","href":"https:\/\/api.w.org\/{rel}","templated":true}]}}