{"id":604,"date":"2018-03-22T18:01:15","date_gmt":"2018-03-22T15:01:15","guid":{"rendered":"http:\/\/dipse.ro\/constantin\/?page_id=604"},"modified":"2018-04-12T17:33:34","modified_gmt":"2018-04-12T14:33:34","slug":"fr","status":"publish","type":"page","link":"https:\/\/dipse.ro\/constantin\/biografie\/fr\/","title":{"rendered":"(FR) Constantin Dip\u015fe a v\u00e9cu son art"},"content":{"rendered":"<p>&nbsp;<\/p>\n<p><a href=\"http:\/\/dipse.ro\/constantin\/wp-content\/uploads\/2013\/10\/img025PRELweb.jpg\"><img loading=\"lazy\" decoding=\"async\" class=\"size-full wp-image-262 aligncenter\" src=\"http:\/\/dipse.ro\/constantin\/wp-content\/uploads\/2013\/10\/img025PRELweb.jpg\" alt=\"\" width=\"452\" height=\"583\" srcset=\"https:\/\/dipse.ro\/constantin\/wp-content\/uploads\/2013\/10\/img025PRELweb.jpg 452w, https:\/\/dipse.ro\/constantin\/wp-content\/uploads\/2013\/10\/img025PRELweb-232x300.jpg 232w\" sizes=\"auto, (max-width: 452px) 100vw, 452px\" \/><\/a><\/p>\n<p>Constantin DIP\u015eE (1917-2010), <strong>artiste-peintre<\/strong> roumain est n\u00e9 dans le village \u015eurde\u015fti, d\u00e9partement de Maramure\u015f, au Nord de la Roumanie. Le 6<sup>\u00e8me<\/sup> de huit enfants d\u2019une famille\u00a0 respect\u00e9e,\u00a0 il a\u00a0acquis et cultiv\u00e9\u00a0\u2013 d\u00e8s son enfance \u2013 et tout au long de sa vie, les valeurs morales, h\u00e9rit\u00e9s de ses anc\u00eatres: la libert\u00e9, la dignit\u00e9 et l\u2019attachement \u00e0 son pays, qui pour lui\u00a0\u00e9taient primordiales.<\/p>\n<p>R\u00e9fugi\u00e9 dans le midi du pays (\u00e0 Bucarest), en septembre 1940, pendant l\u2019occupation de la Transylvanie par le r\u00e9gime austro-hongrois, il est rest\u00e9 longuement isol\u00e9 de sa famille et de tout ce qui lui \u00e9tait cher et proche.<\/p>\n<p>Il devient \u00e9tudiant\u00a0aux Beaux-Arts dans\u00a0la classe du ma\u00eetre Nicolae D\u0103r\u0103scu,\u00a0mais peu apr\u00e8s, il est appel\u00e9 sous les drapeaux.<\/p>\n<p>Transf\u00e9r\u00e9\u00a0 en tant que dessinateur \u00e0 l\u2019\u00c9tat-major de l\u2019Aviation, il lui est permis\u00a0de suivre ses \u00e9tudes qu\u2019il ach\u00e8ve en 1945. Trois ans apr\u00e8s (1948) il termine sa sp\u00e9cialisation \u00e9quivalente\u00a0\u00e0 un doctorat en Beaux -Arts, sous la direction du ma\u00eetre Camil Ressu.<\/p>\n<p>Constantin Dip\u015fe devient membre de l\u2019Union des Artistes Plasticiens de Roumanie section Peinture, apr\u00e8s qu&#8217;une composition pr\u00e9sent\u00e9e fut\u00a0admise au Salon Officiel des Arts, par un jury qui ignorait que l\u2019auteur \u00e9tait\u00a0\u00a0encore \u00e9tudiant.<\/p>\n<p>Sa carri\u00e8re d\u2019artiste-peintre mentionne de nombreuses participations aux Salons officiels d\u2019Art de Bucarest et des villes principales du pays, de m\u00eame qu\u2019aux expositions d\u2019art roumain contemporain \u00e0 l\u2019\u00e9tranger (Allemagne, Hollande, Belgique, Bulgarie, Italie, Autriche, Lybie, Isra\u00ebl, Japon etc.).<\/p>\n<p>Constantin Dip\u015fe organise ses propres expositions et vernissages dans le pays: 1956, 1959, 1962, 1966 (3 expositions), 1975, 1981; en 1992 il pr\u00e9sente ses toiles dans une exposition \u00e0 Toulouse en France. Apr\u00e8s, dans le pays en 1995 \u2013 2 expositions, 2002, 2009 la derni\u00e8re en la pr\u00e9sence de l\u2019artiste.<\/p>\n<p>Ses h\u00e9ritiers ont organis\u00e9 des expositions posthumes en: 2010 -2011, 2012, 2013, 2014, en 2017 \u2013 4 expositions pour le Centenaire de la naissance de l\u2019artiste.<\/p>\n<p>Bien de ses \u0153uvres ont quitt\u00e9 les expositions de m\u00eame que l\u2019atelier de cr\u00e9ation, pour figurer dans des collections priv\u00e9es &#8211; en Europe, sur le continent am\u00e9ricain, en Australie, dans les pays de l\u2019Orient &#8211; et en Roumanie, dans des mus\u00e9es et des collections priv\u00e9es.<\/p>\n<p>L\u2019artiste s\u2019est sp\u00e9cialis\u00e9 \u00e9galement dans <strong>l\u2019art monumental<\/strong> \u2013 mosa\u00efque, fresque la\u00efque et religieuse \u2013 et signe seul ou en collectif, plusieurs \u0153uvres r\u00e9pandues dans tous les coins du pays (localit\u00e9s: <strong>Putna<\/strong>, <strong>Murfatlar<\/strong>, <strong>Nojorid<\/strong>, <strong>Bucarest<\/strong> etc.). On retrouve son empreinte artistique \u00e9galement dans ses peintures sur verre et dans les illustrations de plusieurs livres.<\/p>\n<p>Loin de toute activit\u00e9 politique, l\u2019artiste a v\u00e9cu dans une g\u00eane financi\u00e8re et pr\u00e9carit\u00e9 mat\u00e9rielle prolong\u00e9es, pour ne pas avoir \u201eob\u00e9i\u201d dans ses cr\u00e9ations, aux exigences th\u00e9matiques qui faisaient l\u2019\u00e9loge du socialisme et du communisme.<\/p>\n<p>Constantin Dip\u015fe ne s\u2019est pas adapt\u00e9 au nouveau r\u00e9gime \u2013 ce qui aurait signifi\u00e9 un changement int\u00e9rieur profond \u2013 mais il a essay\u00e9 de s\u2019accommoder, en opposant aux conditions externes nuisibles, l\u2019expression de sa nature v\u00e9ritable, tout en restant \u00e0 l\u2019\u00e9coute de ce qui traversait son esprit et son sentiment.<\/p>\n<p><strong>La s\u00e9r\u00e9nit\u00e9<\/strong> qui se d\u00e9gage de ses tableaux &#8211; compositions, paysages, portraits et \u201eportraits de fleurs\u201d \u2013 c\u2019est l\u2019\u00e9nergie m\u00eame propre \u00e0 l\u2019art populaire roumain \u2013 que l\u2019artiste utilise pour ma\u00eetriser ses souffrances provoqu\u00e9es par un r\u00e9gime mesquin qui contr\u00f4lait toute l\u2019existence des cr\u00e9ateurs d\u2019art, depuis leur \u00e9tat financier, mat\u00e9riel \u00e0\u00a0 la cr\u00e9ation artistique.<\/p>\n<p>D\u00e9fiant ces contraintes, Constantin Dip\u015fe forge son destin d\u2019artiste et son style propre, faisant preuve d\u2019une science et rigueur professionnelles exemplaires; le tout, exprim\u00e9 en couleurs dont il est consid\u00e9r\u00e9 \u00a0comme\u00a0l\u2019un des ma\u00eetres, dans la peinture roumaine.<\/p>\n<p>Sous un \u201ehabit figuratif\u201d (apparemment avec des renvois aux th\u00e8mes na\u00effs), en couleurs ensoleill\u00e9es agenc\u00e9es singuli\u00e8rement mais avec science, talent et sensibilit\u00e9 \u2013 les tableaux r\u00e9v\u00e8lent, \u00e0 travers une lecture plus savante, des symboles tress\u00e9s aux sentiments qui m\u00e8nent \u00e0 des arch\u00e9types.<\/p>\n<p>Constantin Dip\u015fe a cr\u00e9\u00e9 jusqu\u2019au dernier instant de sa vie qu\u2019il a quitt\u00e9e \u00e0 93 ans et deux mois, ayant pr\u00e8s de lui, l\u2019amour de son \u00e9pouse \u2013 <a href=\"http:\/\/dipse.ro\/maria\">M\u0103riuca<\/a> et de son fils \u2013 <a href=\"http:\/\/dipse.ro\/ionut\">Ionu\u0163<\/a>.<\/p>\n","protected":false},"excerpt":{"rendered":"<p>&nbsp; Constantin DIP\u015eE (1917-2010), artiste-peintre roumain est n\u00e9 dans le village \u015eurde\u015fti, d\u00e9partement de Maramure\u015f, au Nord de la Roumanie. Le 6\u00e8me de huit enfants d\u2019une famille\u00a0 respect\u00e9e,\u00a0 il a\u00a0acquis et cultiv\u00e9\u00a0\u2013 d\u00e8s son enfance \u2013 et tout au long de sa vie, les valeurs morales, h\u00e9rit\u00e9s de ses anc\u00eatres: la libert\u00e9, la dignit\u00e9 et [&hellip;]<\/p>\n","protected":false},"author":1,"featured_media":262,"parent":5,"menu_order":2,"comment_status":"closed","ping_status":"closed","template":"","meta":{"footnotes":""},"class_list":["post-604","page","type-page","status-publish","has-post-thumbnail","hentry"],"_links":{"self":[{"href":"https:\/\/dipse.ro\/constantin\/wp-json\/wp\/v2\/pages\/604","targetHints":{"allow":["GET"]}}],"collection":[{"href":"https:\/\/dipse.ro\/constantin\/wp-json\/wp\/v2\/pages"}],"about":[{"href":"https:\/\/dipse.ro\/constantin\/wp-json\/wp\/v2\/types\/page"}],"author":[{"embeddable":true,"href":"https:\/\/dipse.ro\/constantin\/wp-json\/wp\/v2\/users\/1"}],"replies":[{"embeddable":true,"href":"https:\/\/dipse.ro\/constantin\/wp-json\/wp\/v2\/comments?post=604"}],"version-history":[{"count":0,"href":"https:\/\/dipse.ro\/constantin\/wp-json\/wp\/v2\/pages\/604\/revisions"}],"up":[{"embeddable":true,"href":"https:\/\/dipse.ro\/constantin\/wp-json\/wp\/v2\/pages\/5"}],"wp:featuredmedia":[{"embeddable":true,"href":"https:\/\/dipse.ro\/constantin\/wp-json\/wp\/v2\/media\/262"}],"wp:attachment":[{"href":"https:\/\/dipse.ro\/constantin\/wp-json\/wp\/v2\/media?parent=604"}],"curies":[{"name":"wp","href":"https:\/\/api.w.org\/{rel}","templated":true}]}}