{"id":606,"date":"2018-03-22T18:09:43","date_gmt":"2018-03-22T15:09:43","guid":{"rendered":"http:\/\/dipse.ro\/constantin\/?page_id=606"},"modified":"2018-03-22T18:31:43","modified_gmt":"2018-03-22T15:31:43","slug":"ro","status":"publish","type":"page","link":"https:\/\/dipse.ro\/constantin\/biografie\/ro\/","title":{"rendered":"(RO) Constantin Dip\u0219e \u0219i-a tr\u0103it arta"},"content":{"rendered":"<p><a href=\"http:\/\/dipse.ro\/constantin\/wp-content\/uploads\/2013\/10\/img025PRELweb.jpg\"><img loading=\"lazy\" decoding=\"async\" class=\"aligncenter size-full wp-image-262\" src=\"http:\/\/dipse.ro\/constantin\/wp-content\/uploads\/2013\/10\/img025PRELweb.jpg\" alt=\"\" width=\"452\" height=\"583\" srcset=\"https:\/\/dipse.ro\/constantin\/wp-content\/uploads\/2013\/10\/img025PRELweb.jpg 452w, https:\/\/dipse.ro\/constantin\/wp-content\/uploads\/2013\/10\/img025PRELweb-232x300.jpg 232w\" sizes=\"auto, (max-width: 452px) 100vw, 452px\" \/><\/a><\/p>\n<p><strong>Constantin Dip\u015fe<\/strong> (1917-2010), <strong>artist-pictor<\/strong>, s-a n\u0103scut \u00een satul \u015eurde\u015fti, jude\u0163ul Maramure\u015f, \u00een nordul Rom\u00e2niei.<\/p>\n<p>Al 6-lea din cei 8 copii ai unei familii de \u0163\u0103rani, \u00eenst\u0103ri\u0163i \u015fi respecta\u0163i, el \u015fi-a \u00eensu\u015fit \u00een copil\u0103rie, pentru toat\u0103 via\u0163a, valorile morale, dintre care, libertatea, demnitatea \u015fi ata\u015famentul fa\u0163\u0103 de \u0163ar\u0103, erau primordiale.<\/p>\n<p>Refugiat \u00een sudul \u0163\u0103rii (la Bucure\u015fti), \u00een septembrie 1940, \u00een timpul ocup\u0103rii Ardealului de austro-ungari, el a r\u0103mas timp \u00eendelungat izolat de familie \u015fi de tot ce \u00eei era drag.<\/p>\n<p>Devine student (\u00een septembrie 1940) la Institutul de Arte Frumoase din Bucure\u015fti, la clasa profesorului-maestru, <strong>Nicolae D\u0103r\u0103scu<\/strong> dar, dup\u0103 pu\u0163in timp, este mobilizat pe frontul de la Rostov pe Don. Mai apoi, este transferat la Statul Major al Avia\u0163iei ca desenator \u00eeng\u0103duindu-se s\u0103-\u015fi continue studiile, finalizate \u00een 1945. Dup\u0103 trei ani (1948) \u00eencheia o specializare echivalat\u0103 cu un doctorat \u00een Arte Frumoase, sub \u00eendrumarea maestrului <strong>Camil Ressu<\/strong>.<\/p>\n<p>Devine membru al Uniunii Arti\u015ftilor Plastici din Rom\u00e2nia, sec\u0163ia Pictur\u0103 dup\u0103 ce o compozi\u0163ie a sa intr\u0103 pe simezele Salonului Oficial de Art\u0103 de la Bucure\u015fti, lucrare aleas\u0103 de juriul ce nu \u015ftia c\u0103 autorul ei era student.<\/p>\n<p>Cariera sa de artist-pictor men\u0163ioneaz\u0103 numeroase particip\u0103ri la Saloanele oficiale de Art\u0103 din Bucure\u015fti \u015fi din alte ora\u015fe importante din \u0163ar\u0103, precum \u015fi la expozi\u0163iile de art\u0103 rom\u00e2neasc\u0103 contemporan\u0103 \u00een str\u0103in\u0103tate (Germania, Olanda, Bulgaria, Italia, Austria, Libia, Israel, Japonia etc.).<\/p>\n<p>Cum plecarea \u00een str\u0103in\u0103tate, \u00eei era cu des\u0103v\u00e2r\u015fire interzis\u0103 p\u00e2n\u0103 la schimbarea regimului, pictorul organizeaz\u0103 expozi\u0163ii personale \u00een \u0163ar\u0103: 1956, 1959, 1962, 1966 (3 expozi\u0163ii), 1975, 1981. Abia \u00een 1992 face o expozi\u0163ie la Toulouse \u00een Fran\u0163a. Apoi, din nou \u00een \u0163ar\u0103, \u00een 1995 \u2013 2 expozi\u0163ii, 2002, 2009 \u2013 ultima la care artistul a fost prezent.<\/p>\n<p>Urma\u015fii pictorului au organizat expozi\u0163ii postume \u00een 2010-2011, 2012, 2013, 2014, iar \u00een 2017, anul Centenarului na\u015fterii pictorului 4 expozi\u0163ii.<\/p>\n<p>Multe din lucr\u0103rile sale au p\u0103r\u0103sit expozi\u0163iile \u015fi atelierul de crea\u0163ie, ca s\u0103 figureze \u00een colec\u0163ii particulare din Europa, pe continentul american, \u00een Australia, \u00een \u0163\u0103rile din Orientul apropiat \u015fi \u00eendep\u0103rtat \u2013 Japonia. Multe lucr\u0103ri se afl\u0103 \u00een colec\u0163ii muzeale \u015fi \u00een colec\u0163ii particulare din Rom\u00e2nia.<\/p>\n<p>Artistul s-a specializat \u015fi \u00een art\u0103 monumental\u0103 \u2013 mozaic, fresc\u0103 laic\u0103 \u015fi religioas\u0103 \u2013 \u015fi semneaz\u0103 singur sau \u00een colectiv mai multe lucr\u0103ri r\u0103sp\u00e2ndite \u00een toate col\u0163urile \u0163\u0103rii (\u00een localit\u0103\u0163ile: <strong>Putna<\/strong>, <strong>Murfatlar<\/strong>, <strong>Nojorid<\/strong>, <strong>Bucure\u015fti<\/strong> etc.). G\u0103sim amprenta sa artistic\u0103 \u015fi \u00een picturi pe sticl\u0103 \u015fi \u00een ilustra\u0163ii de carte.<\/p>\n<p>Departe de orice activitate politic\u0103, artistul a tr\u0103it \u00eentr-o jen\u0103 financiar\u0103 \u015fi precaritate material\u0103 prelungite, pentru c\u0103 nu s-a \u201esupus\u201d \u00een crea\u0163iile sale, exigen\u0163elor ideologice \u015fi tematice ale regimului socialist \u015fi comunist.<\/p>\n<p><strong>Constantin Dip\u015fe<\/strong> nu s-a adaptat noului regim \u2013 ceea ce ar fi \u00eensemnat o modificare interioar\u0103 profund\u0103 \u2013 ci a \u00eencercat s\u0103 se acomodeze, opun\u00e2nd condi\u0163iilor externe d\u0103un\u0103toare, expresia naturii sale adev\u0103rate, r\u0103m\u00e2n\u00e2nd credincios propriilor principii, valori \u015fi sim\u0163\u0103minte.<\/p>\n<p><strong>Senin\u0103tatea <\/strong>ce se degaj\u0103 din tablourile sale \u2013 compozi\u0163ii, peisaje, portrete \u015fi \u201eportrete de flori\u201d- este \u00eens\u0103\u015fi energia specific\u0103 artei populare rom\u00e2ne\u015fti \u2013 pe care artistul o invoc\u0103 \/ cheam\u0103 din eul s\u0103u profund \u2013 ca s\u0103-i aline suferin\u0163ele provocate de un regim ideologic meschin ce controla \u00eentreaga existen\u0163\u0103 a arti\u015ftilor, de la situa\u0163ia lor material\u0103 la crea\u0163ia lor.<\/p>\n<p>Sfid\u00e2nd aceste constr\u00e2ngeri, Constantin Dip\u015fe \u00ee\u015fi f\u0103ure\u015fte destinul de artist \u015fi stilul s\u0103u artistic propriu, dovedind o \u015ftiin\u0163\u0103 \u015fi rigoare profesionale exemplare; totul exprimat \u00een culori \u00een leg\u0103tur\u0103 cu care el este considerat unul din mae\u015ftri din pictura rom\u00e2neasc\u0103.<\/p>\n<p>Sub un ve\u015fm\u00e2nt figurativ, uneori \u00een\u015fel\u0103tor \u201enaiv\u201d, \u00een <strong>culori \u00eensorite<\/strong> al\u0103turate surprinz\u0103tor dar cu \u015ftiin\u0163\u0103, talent \u015fi sensibilitate \u2013 putem descoperi \u00een tablourile sale, printr-o lectur\u0103 mai savant\u0103, simboluri \u00eempletite cu sentimente care conduc la arhetipuri.<\/p>\n<p>Constantin Dip\u015fe a creat p\u00e2n\u0103 \u00een ultima clip\u0103 a vie\u0163ii pe care a p\u0103r\u0103sit-o la 93 de ani \u015fi 2 luni, \u00eenconjurat cu dragoste de so\u0163ia lui \u2013 <a href=\"http:\/\/dipse.ro\/maria\/\">M\u0103riuca<\/a> \u015fi de fiul s\u0103u \u2013 <a href=\"http:\/\/dipse.ro\/ionut\/\">Ionu\u0163<\/a>.<\/p>\n","protected":false},"excerpt":{"rendered":"<p>Constantin Dip\u015fe (1917-2010), artist-pictor, s-a n\u0103scut \u00een satul \u015eurde\u015fti, jude\u0163ul Maramure\u015f, \u00een nordul Rom\u00e2niei. Al 6-lea din cei 8 copii ai unei familii de \u0163\u0103rani, \u00eenst\u0103ri\u0163i \u015fi respecta\u0163i, el \u015fi-a \u00eensu\u015fit \u00een copil\u0103rie, pentru toat\u0103 via\u0163a, valorile morale, dintre care, libertatea, demnitatea \u015fi ata\u015famentul fa\u0163\u0103 de \u0163ar\u0103, erau primordiale. Refugiat \u00een sudul \u0163\u0103rii (la Bucure\u015fti), [&hellip;]<\/p>\n","protected":false},"author":1,"featured_media":262,"parent":5,"menu_order":1,"comment_status":"closed","ping_status":"closed","template":"","meta":{"footnotes":""},"class_list":["post-606","page","type-page","status-publish","has-post-thumbnail","hentry"],"_links":{"self":[{"href":"https:\/\/dipse.ro\/constantin\/wp-json\/wp\/v2\/pages\/606","targetHints":{"allow":["GET"]}}],"collection":[{"href":"https:\/\/dipse.ro\/constantin\/wp-json\/wp\/v2\/pages"}],"about":[{"href":"https:\/\/dipse.ro\/constantin\/wp-json\/wp\/v2\/types\/page"}],"author":[{"embeddable":true,"href":"https:\/\/dipse.ro\/constantin\/wp-json\/wp\/v2\/users\/1"}],"replies":[{"embeddable":true,"href":"https:\/\/dipse.ro\/constantin\/wp-json\/wp\/v2\/comments?post=606"}],"version-history":[{"count":0,"href":"https:\/\/dipse.ro\/constantin\/wp-json\/wp\/v2\/pages\/606\/revisions"}],"up":[{"embeddable":true,"href":"https:\/\/dipse.ro\/constantin\/wp-json\/wp\/v2\/pages\/5"}],"wp:featuredmedia":[{"embeddable":true,"href":"https:\/\/dipse.ro\/constantin\/wp-json\/wp\/v2\/media\/262"}],"wp:attachment":[{"href":"https:\/\/dipse.ro\/constantin\/wp-json\/wp\/v2\/media?parent=606"}],"curies":[{"name":"wp","href":"https:\/\/api.w.org\/{rel}","templated":true}]}}